{"id":93,"date":"2020-08-04T10:43:59","date_gmt":"2020-08-04T08:43:59","guid":{"rendered":"https:\/\/wp.anrperso.fr\/?page_id=93"},"modified":"2020-08-04T11:01:23","modified_gmt":"2020-08-04T09:01:23","slug":"les-outils","status":"publish","type":"page","link":"https:\/\/wp.anrperso.fr\/index.php\/les-outils\/","title":{"rendered":"Les outils"},"content":{"rendered":"\n<p>Nous vous indiquons ci-dessous les principaux \u00e0 utiliser ..et \u00e0 connaitre :<br><br>&#8211; un navigateur internet &#8230;avec ses fonctionnalit\u00e9s en d\u00e9veloppement et aussi certaines extensions tr\u00e8s utiles . <br>&#8211; un \u00e9diteur de texte type Notepad++<br>&#8211; un logiciel de transfert FTP\/SFTP type Filezilla <br>&#8211; <\/p>\n\n\n\n<p><\/p>\n","protected":false},"excerpt":{"rendered":"<p>Nous vous indiquons ci-dessous les principaux \u00e0 utiliser ..et \u00e0 connaitre : &#8211; un navigateur&#8230;<\/p>\n","protected":false},"author":1,"featured_media":0,"parent":0,"menu_order":0,"comment_status":"closed","ping_status":"closed","template":"tmpl-front-page.php","meta":[],"_links":{"self":[{"href":"https:\/\/wp.anrperso.fr\/index.php\/wp-json\/wp\/v2\/pages\/93"}],"collection":[{"href":"https:\/\/wp.anrperso.fr\/index.php\/wp-json\/wp\/v2\/pages"}],"about":[{"href":"https:\/\/wp.anrperso.fr\/index.php\/wp-json\/wp\/v2\/types\/page"}],"author":[{"embeddable":true,"href":"https:\/\/wp.anrperso.fr\/index.php\/wp-json\/wp\/v2\/users\/1"}],"replies":[{"embeddable":true,"href":"https:\/\/wp.anrperso.fr\/index.php\/wp-json\/wp\/v2\/comments?post=93"}],"version-history":[{"count":2,"href":"https:\/\/wp.anrperso.fr\/index.php\/wp-json\/wp\/v2\/pages\/93\/revisions"}],"predecessor-version":[{"id":96,"href":"https:\/\/wp.anrperso.fr\/index.php\/wp-json\/wp\/v2\/pages\/93\/revisions\/96"}],"wp:attachment":[{"href":"https:\/\/wp.anrperso.fr\/index.php\/wp-json\/wp\/v2\/media?parent=93"}],"curies":[{"name":"wp","href":"https:\/\/api.w.org\/{rel}","templated":true}]}}