{"id":294,"date":"2020-08-15T00:07:58","date_gmt":"2020-08-14T22:07:58","guid":{"rendered":"https:\/\/wp.anrperso.fr\/?page_id=294"},"modified":"2023-04-11T18:06:10","modified_gmt":"2023-04-11T16:06:10","slug":"wordpress-5-5","status":"publish","type":"page","link":"https:\/\/wp.anrperso.fr\/index.php\/wordpress-5-5\/","title":{"rendered":"WordPress 6.2"},"content":{"rendered":"\n<p style=\"font-size:24px\">Surnomm\u00e9e \u00ab Dolphy \u00bb en l\u2019honneur du jazzman am\u00e9ricain Eric Allan Dolphy Jr, WordPress 6.2 est la premi\u00e8re version majeure de 2023, et contient plus de 900 am\u00e9liorations et corrections de bugs. Cette version marque une transition dans la feuille de route g\u00e9n\u00e9rale du projet open-source WordPress, car la focalisation va d\u00e9sormais passer de l\u2019\u00e9diteur et de la personnalisation de sites \u00e0 l\u2019exploration des flux de travail et de la collaboration.<br><\/p>\n","protected":false},"excerpt":{"rendered":"<p>Surnomm\u00e9e \u00ab Dolphy \u00bb en l\u2019honneur du jazzman am\u00e9ricain Eric Allan Dolphy Jr, WordPress 6.2&#8230;<\/p>\n","protected":false},"author":1,"featured_media":0,"parent":0,"menu_order":0,"comment_status":"closed","ping_status":"closed","template":"","meta":[],"_links":{"self":[{"href":"https:\/\/wp.anrperso.fr\/index.php\/wp-json\/wp\/v2\/pages\/294"}],"collection":[{"href":"https:\/\/wp.anrperso.fr\/index.php\/wp-json\/wp\/v2\/pages"}],"about":[{"href":"https:\/\/wp.anrperso.fr\/index.php\/wp-json\/wp\/v2\/types\/page"}],"author":[{"embeddable":true,"href":"https:\/\/wp.anrperso.fr\/index.php\/wp-json\/wp\/v2\/users\/1"}],"replies":[{"embeddable":true,"href":"https:\/\/wp.anrperso.fr\/index.php\/wp-json\/wp\/v2\/comments?post=294"}],"version-history":[{"count":4,"href":"https:\/\/wp.anrperso.fr\/index.php\/wp-json\/wp\/v2\/pages\/294\/revisions"}],"predecessor-version":[{"id":844,"href":"https:\/\/wp.anrperso.fr\/index.php\/wp-json\/wp\/v2\/pages\/294\/revisions\/844"}],"wp:attachment":[{"href":"https:\/\/wp.anrperso.fr\/index.php\/wp-json\/wp\/v2\/media?parent=294"}],"curies":[{"name":"wp","href":"https:\/\/api.w.org\/{rel}","templated":true}]}}